{"id":1795,"date":"2022-01-19T08:48:12","date_gmt":"2022-01-19T07:48:12","guid":{"rendered":"https:\/\/www.imagine.de\/imagine\/netzwerk\/"},"modified":"2024-08-29T22:11:39","modified_gmt":"2024-08-29T20:11:39","slug":"network","status":"publish","type":"page","link":"https:\/\/www.imagine.de\/en\/imagine\/network\/","title":{"rendered":"Network"},"content":{"rendered":"","protected":false},"excerpt":{"rendered":"","protected":false},"author":2,"featured_media":0,"parent":1714,"menu_order":4,"comment_status":"closed","ping_status":"closed","template":"","meta":{"footnotes":""},"class_list":["post-1795","page","type-page","status-publish","hentry"],"yoast_head":"<!-- This site is optimized with the Yoast SEO plugin v27.5 - https:\/\/yoast.com\/product\/yoast-seo-wordpress\/ -->\n<title>Network - IMAGINE Systems<\/title>\n<meta name=\"description\" content=\"Wir verf\u00fcgen \u00fcber ein gro\u00dfes Netzwerk an Lieferanten aus den Bereichen Zerspanung, Kunststofftechnik und Umformtechnik.\" \/>\n<meta name=\"robots\" content=\"index, follow, max-snippet:-1, max-image-preview:large, max-video-preview:-1\" \/>\n<link rel=\"canonical\" href=\"https:\/\/www.imagine.de\/en\/imagine\/network\/\" \/>\n<meta property=\"og:locale\" content=\"en_US\" \/>\n<meta property=\"og:type\" content=\"article\" \/>\n<meta property=\"og:title\" content=\"Network - IMAGINE Systems\" \/>\n<meta property=\"og:description\" content=\"Wir verf\u00fcgen \u00fcber ein gro\u00dfes Netzwerk an Lieferanten aus den Bereichen Zerspanung, Kunststofftechnik und Umformtechnik.\" \/>\n<meta property=\"og:url\" content=\"https:\/\/www.imagine.de\/en\/imagine\/network\/\" \/>\n<meta property=\"og:site_name\" content=\"IMAGINE Systems\" \/>\n<meta property=\"article:modified_time\" content=\"2024-08-29T20:11:39+00:00\" \/>\n<meta name=\"twitter:card\" content=\"summary_large_image\" \/>\n<script type=\"application\/ld+json\" class=\"yoast-schema-graph\">{\"@context\":\"https:\\\/\\\/schema.org\",\"@graph\":[{\"@type\":\"WebPage\",\"@id\":\"https:\\\/\\\/www.imagine.de\\\/en\\\/imagine\\\/network\\\/\",\"url\":\"https:\\\/\\\/www.imagine.de\\\/en\\\/imagine\\\/network\\\/\",\"name\":\"Network - IMAGINE Systems\",\"isPartOf\":{\"@id\":\"https:\\\/\\\/www.imagine.de\\\/#website\"},\"datePublished\":\"2022-01-19T07:48:12+00:00\",\"dateModified\":\"2024-08-29T20:11:39+00:00\",\"description\":\"Wir verf\u00fcgen \u00fcber ein gro\u00dfes Netzwerk an Lieferanten aus den Bereichen Zerspanung, Kunststofftechnik und Umformtechnik.\",\"breadcrumb\":{\"@id\":\"https:\\\/\\\/www.imagine.de\\\/en\\\/imagine\\\/network\\\/#breadcrumb\"},\"inLanguage\":\"en-US\",\"potentialAction\":[{\"@type\":\"ReadAction\",\"target\":[\"https:\\\/\\\/www.imagine.de\\\/en\\\/imagine\\\/network\\\/\"]}]},{\"@type\":\"BreadcrumbList\",\"@id\":\"https:\\\/\\\/www.imagine.de\\\/en\\\/imagine\\\/network\\\/#breadcrumb\",\"itemListElement\":[{\"@type\":\"ListItem\",\"position\":1,\"name\":\"Startseite\",\"item\":\"https:\\\/\\\/www.imagine.de\\\/en\\\/\"},{\"@type\":\"ListItem\",\"position\":2,\"name\":\"IMAGINE\",\"item\":\"https:\\\/\\\/www.imagine.de\\\/en\\\/\"},{\"@type\":\"ListItem\",\"position\":3,\"name\":\"Network\"}]},{\"@type\":\"WebSite\",\"@id\":\"https:\\\/\\\/www.imagine.de\\\/#website\",\"url\":\"https:\\\/\\\/www.imagine.de\\\/\",\"name\":\"IMAGINE Systems\",\"description\":\"Kreative Ideen f\u00fcr innovative Technologien\",\"potentialAction\":[{\"@type\":\"SearchAction\",\"target\":{\"@type\":\"EntryPoint\",\"urlTemplate\":\"https:\\\/\\\/www.imagine.de\\\/?s={search_term_string}\"},\"query-input\":{\"@type\":\"PropertyValueSpecification\",\"valueRequired\":true,\"valueName\":\"search_term_string\"}}],\"inLanguage\":\"en-US\"}]}<\/script>\n<!-- \/ Yoast SEO plugin. -->","yoast_head_json":{"title":"Network - IMAGINE Systems","description":"Wir verf\u00fcgen \u00fcber ein gro\u00dfes Netzwerk an Lieferanten aus den Bereichen Zerspanung, Kunststofftechnik und Umformtechnik.","robots":{"index":"index","follow":"follow","max-snippet":"max-snippet:-1","max-image-preview":"max-image-preview:large","max-video-preview":"max-video-preview:-1"},"canonical":"https:\/\/www.imagine.de\/en\/imagine\/network\/","og_locale":"en_US","og_type":"article","og_title":"Network - IMAGINE Systems","og_description":"Wir verf\u00fcgen \u00fcber ein gro\u00dfes Netzwerk an Lieferanten aus den Bereichen Zerspanung, Kunststofftechnik und Umformtechnik.","og_url":"https:\/\/www.imagine.de\/en\/imagine\/network\/","og_site_name":"IMAGINE Systems","article_modified_time":"2024-08-29T20:11:39+00:00","twitter_card":"summary_large_image","schema":{"@context":"https:\/\/schema.org","@graph":[{"@type":"WebPage","@id":"https:\/\/www.imagine.de\/en\/imagine\/network\/","url":"https:\/\/www.imagine.de\/en\/imagine\/network\/","name":"Network - IMAGINE Systems","isPartOf":{"@id":"https:\/\/www.imagine.de\/#website"},"datePublished":"2022-01-19T07:48:12+00:00","dateModified":"2024-08-29T20:11:39+00:00","description":"Wir verf\u00fcgen \u00fcber ein gro\u00dfes Netzwerk an Lieferanten aus den Bereichen Zerspanung, Kunststofftechnik und Umformtechnik.","breadcrumb":{"@id":"https:\/\/www.imagine.de\/en\/imagine\/network\/#breadcrumb"},"inLanguage":"en-US","potentialAction":[{"@type":"ReadAction","target":["https:\/\/www.imagine.de\/en\/imagine\/network\/"]}]},{"@type":"BreadcrumbList","@id":"https:\/\/www.imagine.de\/en\/imagine\/network\/#breadcrumb","itemListElement":[{"@type":"ListItem","position":1,"name":"Startseite","item":"https:\/\/www.imagine.de\/en\/"},{"@type":"ListItem","position":2,"name":"IMAGINE","item":"https:\/\/www.imagine.de\/en\/"},{"@type":"ListItem","position":3,"name":"Network"}]},{"@type":"WebSite","@id":"https:\/\/www.imagine.de\/#website","url":"https:\/\/www.imagine.de\/","name":"IMAGINE Systems","description":"Kreative Ideen f\u00fcr innovative Technologien","potentialAction":[{"@type":"SearchAction","target":{"@type":"EntryPoint","urlTemplate":"https:\/\/www.imagine.de\/?s={search_term_string}"},"query-input":{"@type":"PropertyValueSpecification","valueRequired":true,"valueName":"search_term_string"}}],"inLanguage":"en-US"}]}},"_links":{"self":[{"href":"https:\/\/www.imagine.de\/en\/wp-json\/wp\/v2\/pages\/1795","targetHints":{"allow":["GET"]}}],"collection":[{"href":"https:\/\/www.imagine.de\/en\/wp-json\/wp\/v2\/pages"}],"about":[{"href":"https:\/\/www.imagine.de\/en\/wp-json\/wp\/v2\/types\/page"}],"author":[{"embeddable":true,"href":"https:\/\/www.imagine.de\/en\/wp-json\/wp\/v2\/users\/2"}],"replies":[{"embeddable":true,"href":"https:\/\/www.imagine.de\/en\/wp-json\/wp\/v2\/comments?post=1795"}],"version-history":[{"count":5,"href":"https:\/\/www.imagine.de\/en\/wp-json\/wp\/v2\/pages\/1795\/revisions"}],"predecessor-version":[{"id":2282,"href":"https:\/\/www.imagine.de\/en\/wp-json\/wp\/v2\/pages\/1795\/revisions\/2282"}],"up":[{"embeddable":true,"href":"https:\/\/www.imagine.de\/en\/wp-json\/wp\/v2\/pages\/1714"}],"wp:attachment":[{"href":"https:\/\/www.imagine.de\/en\/wp-json\/wp\/v2\/media?parent=1795"}],"curies":[{"name":"wp","href":"https:\/\/api.w.org\/{rel}","templated":true}]}}